{"id":2,"date":"2025-03-26T16:19:18","date_gmt":"2025-03-26T16:19:18","guid":{"rendered":"https:\/\/ferreton.cl\/?page_id=2"},"modified":"2025-12-15T16:29:55","modified_gmt":"2025-12-15T16:29:55","slug":"sample-page","status":"publish","type":"page","link":"https:\/\/ferreton.cl\/index.php\/sample-page\/","title":{"rendered":"Nosotros"},"content":{"rendered":"\n<p>Ferreton es una tienda online de articulos de ferreteria y materiales de construcci\u00f3n. <\/p>\n\n\n\n<blockquote class=\"wp-block-quote is-layout-flow wp-block-quote-is-layout-flow\">\n<p>La idea nace el a\u00f1o 2024 con el prop\u00f3sito de ofrecer productos locales de calidad  a precios convenientes para competir en el mercado actual de las e-commerce<\/p>\n<\/blockquote>\n\n\n\n<p>&#8230;tambi\u00e9n queremos ser una soluci\u00f3n r\u00e1pida y conveniente para las personas que buscan agilizar sus tiempos comprando de manera 100% online.<\/p>\n\n\n\n<blockquote class=\"wp-block-quote is-layout-flow wp-block-quote-is-layout-flow\">\n<p>ademas queremos ofrecer este espacio a peque\u00f1os fabricantes y productores para vender sus productos en nuestro sitio y que puedan llegar a mas clientes en todo Chile.<\/p>\n<\/blockquote>\n\n\n\n<p>Tienes alguna consulta o sugerencia? escr\u00edbenos a nuestro correo hola@ferreton.cl<\/p>\n\n\n\n<figure class=\"wp-block-image size-full\"><img decoding=\"async\" src=\"https:\/\/ferreton.cl\/wp-content\/uploads\/2025\/12\/Gemini_Generated_Image_wrawf1wrawf1wraw.png\" alt=\"\" class=\"wp-image-129\"\/><\/figure>\n","protected":false},"excerpt":{"rendered":"<p>Ferreton es una tienda online de articulos de ferreteria y materiales de construcci\u00f3n. La idea nace el a\u00f1o 2024 con el prop\u00f3sito de ofrecer productos locales de calidad a precios convenientes para competir en el mercado actual de las e-commerce &#8230;tambi\u00e9n queremos ser una soluci\u00f3n r\u00e1pida y conveniente para las personas que buscan agilizar sus&#8230;<\/p>\n","protected":false},"author":1,"featured_media":0,"parent":0,"menu_order":0,"comment_status":"closed","ping_status":"open","template":"elementor_theme","meta":{"footnotes":""},"class_list":["post-2","page","type-page","status-publish","hentry"],"jetpack_sharing_enabled":true,"_links":{"self":[{"href":"https:\/\/ferreton.cl\/index.php\/wp-json\/wp\/v2\/pages\/2","targetHints":{"allow":["GET"]}}],"collection":[{"href":"https:\/\/ferreton.cl\/index.php\/wp-json\/wp\/v2\/pages"}],"about":[{"href":"https:\/\/ferreton.cl\/index.php\/wp-json\/wp\/v2\/types\/page"}],"author":[{"embeddable":true,"href":"https:\/\/ferreton.cl\/index.php\/wp-json\/wp\/v2\/users\/1"}],"replies":[{"embeddable":true,"href":"https:\/\/ferreton.cl\/index.php\/wp-json\/wp\/v2\/comments?post=2"}],"version-history":[{"count":3,"href":"https:\/\/ferreton.cl\/index.php\/wp-json\/wp\/v2\/pages\/2\/revisions"}],"predecessor-version":[{"id":130,"href":"https:\/\/ferreton.cl\/index.php\/wp-json\/wp\/v2\/pages\/2\/revisions\/130"}],"wp:attachment":[{"href":"https:\/\/ferreton.cl\/index.php\/wp-json\/wp\/v2\/media?parent=2"}],"curies":[{"name":"wp","href":"https:\/\/api.w.org\/{rel}","templated":true}]}}